{"id":8263,"date":"2025-10-18T08:41:50","date_gmt":"2025-10-18T05:41:50","guid":{"rendered":"https:\/\/ascilik.avrasya.edu.tr\/?page_id=8263"},"modified":"2025-11-22T11:29:06","modified_gmt":"2025-11-22T08:29:06","slug":"program-ogretim-amaclari-medek","status":"publish","type":"page","link":"https:\/\/ascilik.avrasya.edu.tr\/?page_id=8263","title":{"rendered":"Program \u00d6\u011fretim Ama\u00e7lar\u0131"},"content":{"rendered":"\n<p><strong>A\u015f\u00e7\u0131l\u0131k Program\u0131 Hedefleri<\/strong><\/p>\n\n\n\n<p><strong>PH1:&nbsp;<\/strong>Turizm ve yiyecek-i\u00e7ecek sekt\u00f6r\u00fcnde temel, uygulamal\u0131 ve yenilik\u00e7i bilgileri kazand\u0131rmak.<\/p>\n\n\n\n<p><strong>PH2:<\/strong>&nbsp;Turizm, yiyecek-i\u00e7ecek ve \u00e7evre ili\u015fkisini bilen \u00f6\u011frenciler yeti\u015ftirmek.<\/p>\n\n\n\n<p><strong>PH3:<\/strong>&nbsp;\u0130\u015f Sa\u011fl\u0131\u011f\u0131 ve G\u00fcvenli\u011fi mevzuat\u0131 ve hijyen-sanitasyon prensiplerine y\u00f6nelik fark\u0131ndal\u0131k kazand\u0131rmak.<\/p>\n\n\n\n<p><strong>PH4:&nbsp;<\/strong>\u0130\u015f s\u00fcre\u00e7lerinde kalite esaslar\u0131n\u0131n kazand\u0131r\u0131lmas\u0131n\u0131 sa\u011flamak.<\/p>\n\n\n\n<p><strong>PH5:<\/strong>&nbsp;Mesle\u011fi ile ilgili g\u00fcncel geli\u015fmeleri ve s\u00fcrd\u00fcr\u00fclebilir uygulamalar\u0131 aktarmak.<\/p>\n\n\n\n<p><strong>PH6:<\/strong>&nbsp;Mesleki konularda analitik de\u011ferlendirme ve \u00e7\u00f6z\u00fcm yetkinli\u011fi kazand\u0131rmak.<\/p>\n\n\n\n<p><strong>PH7:<\/strong>&nbsp;Mesle\u011fi ile ilgili bilgisayar paket programlar\u0131n\u0131 kullanabilen ve yaz\u0131\u015fmalar\u0131 yapabilen \u00f6\u011frenciler yeti\u015ftirmek.<\/p>\n\n\n\n<p><strong>PH8:<\/strong>&nbsp;Ekip \u00e7al\u0131\u015fmas\u0131na yatk\u0131n, organize olabilen, yaz\u0131l\u0131-s\u00f6zl\u00fc ileti\u015fim yolu ile mesleki birikimini aktarabilen \u00f6\u011frenciler yeti\u015ftirmek.<\/p>\n\n\n\n<p><strong>PH9:<\/strong>&nbsp;Kariyer planlamas\u0131na y\u00f6nelik fark\u0131ndal\u0131k kazand\u0131rmak.<\/p>\n\n\n\n<p><strong>PH10:<\/strong>&nbsp;Sorumluluk bilincine sahip, etik de\u011ferlere h\u00e2kim bireyler yeti\u015ftirmek.<\/p>\n\n\n\n<p><strong>PH11:&nbsp;<\/strong>Mesle\u011fi ile ilgili uluslararas\u0131 terimlere h\u00e2kim ve ileti\u015fimde yabanc\u0131 dil bilgisini kullanabilen \u00f6\u011frenciler yeti\u015ftirmek.<\/p>\n","protected":false},"excerpt":{"rendered":"<p>A\u015f\u00e7\u0131l\u0131k Program\u0131 Hedefleri PH1:&nbsp;Turizm ve yiyecek-i\u00e7ecek sekt\u00f6r\u00fcnde temel, uygulamal\u0131 ve yenilik\u00e7i bilgileri kazand\u0131rmak. PH2:&nbsp;Turizm, yiyecek-i\u00e7ecek ve \u00e7evre ili\u015fkisini bilen \u00f6\u011frenciler yeti\u015ftirmek. PH3:&nbsp;\u0130\u015f Sa\u011fl\u0131\u011f\u0131 ve G\u00fcvenli\u011fi mevzuat\u0131 ve hijyen-sanitasyon prensiplerine y\u00f6nelik [&hellip;]<\/p>\n","protected":false},"author":1,"featured_media":0,"parent":0,"menu_order":0,"comment_status":"closed","ping_status":"closed","template":"","meta":{"footnotes":""},"class_list":["post-8263","page","type-page","status-publish","hentry"],"_links":{"self":[{"href":"https:\/\/ascilik.avrasya.edu.tr\/index.php?rest_route=\/wp\/v2\/pages\/8263","targetHints":{"allow":["GET"]}}],"collection":[{"href":"https:\/\/ascilik.avrasya.edu.tr\/index.php?rest_route=\/wp\/v2\/pages"}],"about":[{"href":"https:\/\/ascilik.avrasya.edu.tr\/index.php?rest_route=\/wp\/v2\/types\/page"}],"author":[{"embeddable":true,"href":"https:\/\/ascilik.avrasya.edu.tr\/index.php?rest_route=\/wp\/v2\/users\/1"}],"replies":[{"embeddable":true,"href":"https:\/\/ascilik.avrasya.edu.tr\/index.php?rest_route=%2Fwp%2Fv2%2Fcomments&post=8263"}],"version-history":[{"count":3,"href":"https:\/\/ascilik.avrasya.edu.tr\/index.php?rest_route=\/wp\/v2\/pages\/8263\/revisions"}],"predecessor-version":[{"id":8347,"href":"https:\/\/ascilik.avrasya.edu.tr\/index.php?rest_route=\/wp\/v2\/pages\/8263\/revisions\/8347"}],"wp:attachment":[{"href":"https:\/\/ascilik.avrasya.edu.tr\/index.php?rest_route=%2Fwp%2Fv2%2Fmedia&parent=8263"}],"curies":[{"name":"wp","href":"https:\/\/api.w.org\/{rel}","templated":true}]}}