{"id":8262,"date":"2025-10-18T08:40:52","date_gmt":"2025-10-18T05:40:52","guid":{"rendered":"https:\/\/ascilik.avrasya.edu.tr\/?page_id=8262"},"modified":"2025-10-18T08:40:52","modified_gmt":"2025-10-18T05:40:52","slug":"komisyonlar-sorumlular","status":"publish","type":"page","link":"https:\/\/ascilik.avrasya.edu.tr\/?page_id=8262","title":{"rendered":"Komisyonlar\/Sorumlular"},"content":{"rendered":"\n<p><strong>\u0130ntibak Komisyonu<\/strong><br>\u00d6\u011fr. G\u00f6r. Rana Ay\u015fenaz YARDIM<br>\u00d6\u011fr. G\u00f6r Ahmet SALMAN<br>\u00d6\u011fr. G\u00f6r. Hilal T\u0130RYAK\u0130<br><strong>De\u011fi\u015fim Program\u0131 Sorumlusu<\/strong><br>\u00d6\u011fr. G\u00f6r. Rana Ay\u015fenaz YARDIM<br><strong>Stratejik Plan\/B\u0130DR Sorumlusu<\/strong><br>\u00d6\u011fr. G\u00f6r. Rana Ay\u015fenaz YARDIM<br><strong>Proje Sorumlusu<\/strong><br>\u00d6\u011fr. G\u00f6r. Ahmet SALMAN<br><strong>Mezun \u0130zleme Sorumlusu<\/strong><br>\u00d6\u011fr. G\u00f6r. Rana Ay\u015fenaz YARDIM<\/p>\n","protected":false},"excerpt":{"rendered":"<p>\u0130ntibak Komisyonu\u00d6\u011fr. G\u00f6r. Rana Ay\u015fenaz YARDIM\u00d6\u011fr. G\u00f6r Ahmet SALMAN\u00d6\u011fr. G\u00f6r. Hilal T\u0130RYAK\u0130De\u011fi\u015fim Program\u0131 Sorumlusu\u00d6\u011fr. G\u00f6r. Rana Ay\u015fenaz YARDIMStratejik Plan\/B\u0130DR Sorumlusu\u00d6\u011fr. G\u00f6r. Rana Ay\u015fenaz YARDIMProje Sorumlusu\u00d6\u011fr. G\u00f6r. Ahmet SALMANMezun \u0130zleme Sorumlusu\u00d6\u011fr. [&hellip;]<\/p>\n","protected":false},"author":1,"featured_media":0,"parent":0,"menu_order":0,"comment_status":"closed","ping_status":"closed","template":"","meta":{"footnotes":""},"class_list":["post-8262","page","type-page","status-publish","hentry"],"_links":{"self":[{"href":"https:\/\/ascilik.avrasya.edu.tr\/index.php?rest_route=\/wp\/v2\/pages\/8262","targetHints":{"allow":["GET"]}}],"collection":[{"href":"https:\/\/ascilik.avrasya.edu.tr\/index.php?rest_route=\/wp\/v2\/pages"}],"about":[{"href":"https:\/\/ascilik.avrasya.edu.tr\/index.php?rest_route=\/wp\/v2\/types\/page"}],"author":[{"embeddable":true,"href":"https:\/\/ascilik.avrasya.edu.tr\/index.php?rest_route=\/wp\/v2\/users\/1"}],"replies":[{"embeddable":true,"href":"https:\/\/ascilik.avrasya.edu.tr\/index.php?rest_route=%2Fwp%2Fv2%2Fcomments&post=8262"}],"version-history":[{"count":2,"href":"https:\/\/ascilik.avrasya.edu.tr\/index.php?rest_route=\/wp\/v2\/pages\/8262\/revisions"}],"predecessor-version":[{"id":8277,"href":"https:\/\/ascilik.avrasya.edu.tr\/index.php?rest_route=\/wp\/v2\/pages\/8262\/revisions\/8277"}],"wp:attachment":[{"href":"https:\/\/ascilik.avrasya.edu.tr\/index.php?rest_route=%2Fwp%2Fv2%2Fmedia&parent=8262"}],"curies":[{"name":"wp","href":"https:\/\/api.w.org\/{rel}","templated":true}]}}