{"id":8246,"date":"2025-10-02T08:51:12","date_gmt":"2025-10-02T05:51:12","guid":{"rendered":"https:\/\/ascilik.avrasya.edu.tr\/?page_id=8246"},"modified":"2025-10-02T08:51:13","modified_gmt":"2025-10-02T05:51:13","slug":"ascilik-programi-cift-anadal-ve-yandal-protokolleri","status":"publish","type":"page","link":"https:\/\/ascilik.avrasya.edu.tr\/?page_id=8246","title":{"rendered":"A\u015f\u00e7\u0131l\u0131k Program\u0131 \u00c7ift Anadal ve Yandal Protokolleri"},"content":{"rendered":"","protected":false},"excerpt":{"rendered":"","protected":false},"author":1,"featured_media":0,"parent":0,"menu_order":0,"comment_status":"closed","ping_status":"closed","template":"","meta":{"footnotes":""},"class_list":["post-8246","page","type-page","status-publish","hentry"],"_links":{"self":[{"href":"https:\/\/ascilik.avrasya.edu.tr\/index.php?rest_route=\/wp\/v2\/pages\/8246","targetHints":{"allow":["GET"]}}],"collection":[{"href":"https:\/\/ascilik.avrasya.edu.tr\/index.php?rest_route=\/wp\/v2\/pages"}],"about":[{"href":"https:\/\/ascilik.avrasya.edu.tr\/index.php?rest_route=\/wp\/v2\/types\/page"}],"author":[{"embeddable":true,"href":"https:\/\/ascilik.avrasya.edu.tr\/index.php?rest_route=\/wp\/v2\/users\/1"}],"replies":[{"embeddable":true,"href":"https:\/\/ascilik.avrasya.edu.tr\/index.php?rest_route=%2Fwp%2Fv2%2Fcomments&post=8246"}],"version-history":[{"count":2,"href":"https:\/\/ascilik.avrasya.edu.tr\/index.php?rest_route=\/wp\/v2\/pages\/8246\/revisions"}],"predecessor-version":[{"id":8248,"href":"https:\/\/ascilik.avrasya.edu.tr\/index.php?rest_route=\/wp\/v2\/pages\/8246\/revisions\/8248"}],"wp:attachment":[{"href":"https:\/\/ascilik.avrasya.edu.tr\/index.php?rest_route=%2Fwp%2Fv2%2Fmedia&parent=8246"}],"curies":[{"name":"wp","href":"https:\/\/api.w.org\/{rel}","templated":true}]}}